{"id":2,"date":"2024-11-20T11:08:03","date_gmt":"2024-11-20T11:08:03","guid":{"rendered":"https:\/\/perron2.be\/?page_id=2"},"modified":"2025-04-28T09:44:24","modified_gmt":"2025-04-28T09:44:24","slug":"home","status":"publish","type":"page","link":"https:\/\/perron2.be\/","title":{"rendered":"Home"},"content":{"rendered":"<p>[et_pb_section fb_built=&#8221;1&#8243; _builder_version=&#8221;4.27.3&#8243; _module_preset=&#8221;default&#8221; global_colors_info=&#8221;{}&#8221; custom_padding=&#8221;||8px|||&#8221;][et_pb_row _builder_version=&#8221;4.27.3&#8243; _module_preset=&#8221;default&#8221; global_colors_info=&#8221;{}&#8221;][et_pb_column type=&#8221;4_4&#8243; _builder_version=&#8221;4.27.3&#8243; _module_preset=&#8221;default&#8221; global_colors_info=&#8221;{}&#8221;][et_pb_image src=&#8221;https:\/\/perron2.be\/wp-content\/uploads\/2024\/11\/241015_Perron2_Logo_RGB-1.svg&#8221; title_text=&#8221;241015_Perron2_Logo_RGB&#8221; _builder_version=&#8221;4.27.3&#8243; _module_preset=&#8221;default&#8221; global_colors_info=&#8221;{}&#8221;][\/et_pb_image][\/et_pb_column][\/et_pb_row][\/et_pb_section][et_pb_section fb_built=&#8221;1&#8243; admin_label=&#8221;section&#8221; _builder_version=&#8221;4.16&#8243; custom_padding=&#8221;17px|||||&#8221; global_colors_info=&#8221;{}&#8221;][et_pb_row admin_label=&#8221;row&#8221; _builder_version=&#8221;4.16&#8243; background_size=&#8221;initial&#8221; background_position=&#8221;top_left&#8221; background_repeat=&#8221;repeat&#8221; width=&#8221;81%&#8221; global_colors_info=&#8221;{}&#8221; custom_padding=&#8221;18px|||||&#8221;][et_pb_column type=&#8221;4_4&#8243; _builder_version=&#8221;4.16&#8243; custom_padding=&#8221;|||&#8221; global_colors_info=&#8221;{}&#8221; custom_padding__hover=&#8221;|||&#8221;][et_pb_text _builder_version=&#8221;4.27.3&#8243; _module_preset=&#8221;default&#8221; text_text_color=&#8221;#FFFFFF&#8221; text_font_size=&#8221;1.6em&#8221; text_line_height=&#8221;1.6em&#8221; width=&#8221;83%&#8221; width_tablet=&#8221;83%&#8221; width_phone=&#8221;100%&#8221; width_last_edited=&#8221;on|phone&#8221; max_width=&#8221;100%&#8221; module_alignment=&#8221;center&#8221; custom_margin=&#8221;||-2px|||&#8221; text_font_size_tablet=&#8221;1.6em&#8221; text_font_size_phone=&#8221;1.2em&#8221; text_font_size_last_edited=&#8221;on|phone&#8221; global_colors_info=&#8221;{}&#8221;]<\/p>\n<p style=\"font-weight: 400; text-align: center;\">Fietsencentrum Mobiel en Kringloopwinkel openden <strong>Perron 2<\/strong>,<br \/>een <strong>circulaire fietsenwinkel<\/strong> \u00e9n <strong>vintagewinkel<\/strong> in \u00e9\u00e9n.<\/p>\n<p style=\"font-weight: 400; text-align: center;\">[\/et_pb_text][et_pb_text admin_label=&#8221;volg ons&#8221; _builder_version=&#8221;4.27.3&#8243; _module_preset=&#8221;default&#8221; text_text_color=&#8221;#FFFFFF&#8221; text_font_size=&#8221;1.4em&#8221; min_height=&#8221;50.8px&#8221; custom_padding=&#8221;||54px|||&#8221; global_colors_info=&#8221;{}&#8221;]<\/p>\n<p style=\"text-align: center;\"><em><span style=\"color: #ffffff;\">Volg alle updates op <span style=\"text-decoration: underline;\"><a href=\"https:\/\/www.instagram.com\/perrontwee\/\" target=\"_blank\" rel=\"noopener\" style=\"color: #ffffff; text-decoration: underline;\">Instagram<\/a><\/span> en <span style=\"text-decoration: underline;\"><a href=\"https:\/\/www.tiktok.com\/@perrontwee\" target=\"_blank\" rel=\"noopener\" style=\"color: #ffffff; text-decoration: underline;\">Tiktok<\/a><\/span>.<\/span><\/em><\/p>\n<p>[\/et_pb_text][\/et_pb_column][\/et_pb_row][et_pb_row column_structure=&#8221;2_5,3_5&#8243; _builder_version=&#8221;4.27.3&#8243; _module_preset=&#8221;default&#8221; global_colors_info=&#8221;{}&#8221;][et_pb_column type=&#8221;2_5&#8243; _builder_version=&#8221;4.27.3&#8243; _module_preset=&#8221;default&#8221; global_colors_info=&#8221;{}&#8221;][et_pb_image src=&#8221;https:\/\/perron2.be\/wp-content\/uploads\/2024\/11\/P2_kringloop.jpg&#8221; title_text=&#8221;P2_kringloop&#8221; _builder_version=&#8221;4.27.3&#8243; _module_preset=&#8221;default&#8221; width=&#8221;80%&#8221; box_shadow_style=&#8221;preset4&#8243; box_shadow_color=&#8221;#000000&#8243; global_colors_info=&#8221;{}&#8221;][\/et_pb_image][\/et_pb_column][et_pb_column type=&#8221;3_5&#8243; _builder_version=&#8221;4.27.3&#8243; _module_preset=&#8221;default&#8221; global_colors_info=&#8221;{}&#8221;][et_pb_text _builder_version=&#8221;4.27.3&#8243; _module_preset=&#8221;default&#8221; text_text_color=&#8221;#FFFFFF&#8221; text_font_size=&#8221;17px&#8221; text_line_height=&#8221;1.75em&#8221; header_text_color=&#8221;#FFFFFF&#8221; width=&#8221;100%&#8221; max_width=&#8221;100%&#8221; module_alignment=&#8221;center&#8221; custom_margin=&#8221;||3px|||&#8221; global_colors_info=&#8221;{}&#8221;]<\/p>\n<h1 style=\"font-weight: 400;\"><span><strong>Vintage<\/strong><\/span><\/h1>\n<p style=\"font-weight: 400;\"><span>Onze vintagewinkel richt zich vooral op studenten en jongvolwassenen, maar uiteraard verwelkomen we iedereen die op zoek is naar unieke vondsten met open armen!<\/span><\/p>\n<p><span>Streetwear, T-shirts met logo, baggy broeken en oversized truien uit de <strong>nineties en nillies<\/strong>: bij ons vind je het allemaal. Snuisteraars lopen leuke accessoires en kleine decoratie tegen het lijf, cultuurminnende zielen kunnen hun tanden zetten in onze LP-hoek \u00e9n boekenmeubel met een rijk aanbod.<\/span><\/p>\n<p>[\/et_pb_text][et_pb_image src=&#8221;https:\/\/perron2.be\/wp-content\/uploads\/2024\/11\/SVGkringloopWIT-1.svg&#8221; title_text=&#8221;SVGkringloopWIT&#8221; url=&#8221;https:\/\/www.dekringloopwinkel.be&#8221; url_new_window=&#8221;on&#8221; _builder_version=&#8221;4.27.3&#8243; _module_preset=&#8221;default&#8221; width=&#8221;33%&#8221; global_colors_info=&#8221;{}&#8221;][\/et_pb_image][\/et_pb_column][\/et_pb_row][et_pb_row column_structure=&#8221;3_5,2_5&#8243; _builder_version=&#8221;4.27.3&#8243; _module_preset=&#8221;default&#8221; global_colors_info=&#8221;{}&#8221;][et_pb_column type=&#8221;3_5&#8243; _builder_version=&#8221;4.27.3&#8243; _module_preset=&#8221;default&#8221; global_colors_info=&#8221;{}&#8221;][et_pb_text _builder_version=&#8221;4.27.3&#8243; _module_preset=&#8221;default&#8221; text_text_color=&#8221;#FFFFFF&#8221; text_font_size=&#8221;17px&#8221; text_line_height=&#8221;1.75em&#8221; header_text_color=&#8221;#FFFFFF&#8221; width=&#8221;100%&#8221; max_width=&#8221;100%&#8221; module_alignment=&#8221;center&#8221; custom_margin=&#8221;||-4px|||&#8221; global_colors_info=&#8221;{}&#8221;]<\/p>\n<h1 style=\"font-weight: 400;\"><span><strong>Mobiel<\/strong><\/span><\/h1>\n<p style=\"font-weight: 400;\"><span>Fietsers, studenten en pendelaars die in Mobiel een veilige, zorgeloze haven gevonden hadden, mogen op beide oren slapen. Uw fietswinkel verdwijnt niet, integendeel. M<\/span><span>eer dan ooit mikt Mobiel op herstelling, online fietsenverhuur en de verkoop van tweedehands fietsen en nieuwe accessoires.<\/span><\/p>\n<p>[\/et_pb_text][et_pb_image src=&#8221;https:\/\/perron2.be\/wp-content\/uploads\/2024\/11\/SVGmobielWIT.svg&#8221; title_text=&#8221;SVGmobielWIT&#8221; url=&#8221;https:\/\/www.mobiel.be&#8221; url_new_window=&#8221;on&#8221; _builder_version=&#8221;4.27.3&#8243; _module_preset=&#8221;default&#8221; width=&#8221;32%&#8221; min_height=&#8221;134px&#8221; custom_padding=&#8221;0px||0px|||&#8221; global_colors_info=&#8221;{}&#8221;][\/et_pb_image][\/et_pb_column][et_pb_column type=&#8221;2_5&#8243; _builder_version=&#8221;4.27.3&#8243; _module_preset=&#8221;default&#8221; global_colors_info=&#8221;{}&#8221;][et_pb_image src=&#8221;https:\/\/perron2.be\/wp-content\/uploads\/2024\/11\/Mobiel.png&#8221; title_text=&#8221;Mobiel&#8221; _builder_version=&#8221;4.27.3&#8243; _module_preset=&#8221;default&#8221; width=&#8221;80%&#8221; box_shadow_style=&#8221;preset4&#8243; box_shadow_color=&#8221;#000000&#8243; global_colors_info=&#8221;{}&#8221;][\/et_pb_image][\/et_pb_column][\/et_pb_row][et_pb_row column_structure=&#8221;2_5,3_5&#8243; _builder_version=&#8221;4.27.3&#8243; _module_preset=&#8221;default&#8221; custom_padding=&#8221;||27px|||&#8221; global_colors_info=&#8221;{}&#8221;][et_pb_column type=&#8221;2_5&#8243; _builder_version=&#8221;4.27.3&#8243; _module_preset=&#8221;default&#8221; global_colors_info=&#8221;{}&#8221;][et_pb_image src=&#8221;https:\/\/perron2.be\/wp-content\/uploads\/2024\/11\/Perron2Koffie.png&#8221; title_text=&#8221;Perron2Koffie&#8221; _builder_version=&#8221;4.27.3&#8243; _module_preset=&#8221;default&#8221; width=&#8221;80%&#8221; custom_margin=&#8221;||79px|||&#8221; box_shadow_style=&#8221;preset4&#8243; box_shadow_color=&#8221;#000000&#8243; global_colors_info=&#8221;{}&#8221;][\/et_pb_image][\/et_pb_column][et_pb_column type=&#8221;3_5&#8243; _builder_version=&#8221;4.27.3&#8243; _module_preset=&#8221;default&#8221; global_colors_info=&#8221;{}&#8221;][et_pb_text _builder_version=&#8221;4.27.3&#8243; _module_preset=&#8221;default&#8221; text_text_color=&#8221;#FFFFFF&#8221; text_font_size=&#8221;17px&#8221; text_line_height=&#8221;1.75em&#8221; header_text_color=&#8221;#FFFFFF&#8221; width=&#8221;100%&#8221; max_width=&#8221;100%&#8221; module_alignment=&#8221;center&#8221; global_colors_info=&#8221;{}&#8221;]<\/p>\n<h1 style=\"font-weight: 400;\"><span><strong>Boontje voor koffie?<\/strong><\/span><\/h1>\n<p style=\"font-weight: 400;\"><span>Maar er is meer! Wacht je op een kleine herstelling aan je tweewieler? Of wil je even uitblazen na \u00faren passen, combineren en uitproberen? Dan kan je terecht in onze <strong>koffiehoek<\/strong>, de schakel tussen Vintage en Mobiel, tussen kledij en fiets, tussen klanten \u00e9n gulle schenkers.<\/span><\/p>\n<p>[\/et_pb_text][\/et_pb_column][\/et_pb_row][et_pb_row admin_label=&#8221;row&#8221; _builder_version=&#8221;4.27.3&#8243; background_size=&#8221;initial&#8221; background_position=&#8221;top_left&#8221; background_repeat=&#8221;repeat&#8221; width_tablet=&#8221;&#8221; width_phone=&#8221;95%&#8221; width_last_edited=&#8221;on|phone&#8221; min_height=&#8221;580.8px&#8221; custom_margin=&#8221;|auto|-54px|auto||&#8221; custom_padding=&#8221;||0px|||&#8221; global_colors_info=&#8221;{}&#8221;][et_pb_column type=&#8221;4_4&#8243; _builder_version=&#8221;4.16&#8243; custom_padding=&#8221;|||&#8221; global_colors_info=&#8221;{}&#8221; custom_padding__hover=&#8221;|||&#8221;][et_pb_text admin_label=&#8221;adres openingsuren&#8221; _builder_version=&#8221;4.27.3&#8243; _module_preset=&#8221;default&#8221; text_text_color=&#8221;#FFFFFF&#8221; text_font_size=&#8221;17px&#8221; text_line_height=&#8221;1.75em&#8221; width=&#8221;50%&#8221; width_tablet=&#8221;50%&#8221; width_phone=&#8221;100%&#8221; width_last_edited=&#8221;on|phone&#8221; max_width=&#8221;100%&#8221; module_alignment=&#8221;center&#8221; custom_margin=&#8221;6px||6px|156px|true|&#8221; custom_margin_tablet=&#8221;70px|||||&#8221; custom_margin_phone=&#8221;0px|||0px|false|false&#8221; custom_margin_last_edited=&#8221;on|phone&#8221; text_font_size_tablet=&#8221;17px&#8221; text_font_size_phone=&#8221;15px&#8221; text_font_size_last_edited=&#8221;on|phone&#8221; module_alignment_tablet=&#8221;center&#8221; module_alignment_phone=&#8221;left&#8221; module_alignment_last_edited=&#8221;on|phone&#8221; global_colors_info=&#8221;{}&#8221;]<\/p>\n<p style=\"font-weight: 400; text-align: center;\"><strong>Adres: Minister Tacklaan 57, 8500 Kortrijk<\/strong><\/p>\n<p style=\"font-weight: 400; text-align: center;\"><span><strong>Openingsuren<\/strong><\/span><\/p>\n<p style=\"font-weight: 400;\"><span><strong><\/strong><\/span><\/p>\n<table width=\"908\" style=\"font-weight: 400;\" height=\"275\">\n<tbody>\n<tr>\n<td style=\"width: 137.469px;\">maandag<\/td>\n<td style=\"width: 104.219px;\"><span>\u00a0<\/span><\/td>\n<td style=\"width: 297.312px;\">gesloten<\/td>\n<\/tr>\n<tr>\n<td style=\"width: 137.469px;\">dinsdag<\/td>\n<td style=\"width: 104.219px;\"><span>\u00a0<\/span><\/td>\n<td style=\"width: 297.312px;\"><span>08.30 &#8211; 18.00<\/span><\/td>\n<\/tr>\n<tr>\n<td style=\"width: 137.469px;\"><span>woensdag<\/span><\/td>\n<td style=\"width: 104.219px;\"><span>\u00a0<\/span><\/td>\n<td style=\"width: 297.312px;\"><span>08.30 &#8211; 18.00<\/span><\/td>\n<\/tr>\n<tr>\n<td style=\"width: 137.469px;\">donderdag<\/td>\n<td style=\"width: 104.219px;\"><span>\u00a0<\/span><\/td>\n<td style=\"width: 297.312px;\"><span>08.30 &#8211; 18.00<\/span><\/td>\n<\/tr>\n<tr>\n<td style=\"width: 137.469px;\"><span>vrijdag<\/span><\/td>\n<td style=\"width: 104.219px;\"><span>\u00a0<\/span><\/td>\n<td style=\"width: 297.312px;\"><span>08.30 &#8211; 18.00<\/span><\/td>\n<\/tr>\n<tr>\n<td style=\"width: 137.469px;\">zaterdag<\/td>\n<td style=\"width: 104.219px;\"><span>\u00a0<\/span><\/td>\n<td style=\"width: 297.312px;\"><span>10.00 &#8211; 18.00<\/span><\/td>\n<\/tr>\n<tr>\n<td style=\"width: 137.469px;\">zondag<\/td>\n<td style=\"width: 104.219px;\"><span>\u00a0<\/span><\/td>\n<td style=\"width: 297.312px;\"><span>gesloten<\/span><\/td>\n<\/tr>\n<\/tbody>\n<\/table>\n<p>[\/et_pb_text][\/et_pb_column][\/et_pb_row][et_pb_row use_custom_gutter=&#8221;on&#8221; gutter_width=&#8221;4&#8243; _builder_version=&#8221;4.27.3&#8243; _module_preset=&#8221;default&#8221; width=&#8221;100%&#8221; max_width=&#8221;2560px&#8221; custom_margin=&#8221;||0px||false|false&#8221; custom_padding=&#8221;||0px||false|false&#8221; global_colors_info=&#8221;{}&#8221;][et_pb_column type=&#8221;4_4&#8243; _builder_version=&#8221;4.27.3&#8243; _module_preset=&#8221;default&#8221; global_colors_info=&#8221;{}&#8221;][et_pb_divider show_divider=&#8221;off&#8221; _builder_version=&#8221;4.27.3&#8243; _module_preset=&#8221;default&#8221; min_height=&#8221;6.8px&#8221; custom_margin=&#8221;-89px||30px||false|false&#8221; custom_padding=&#8221;||0px|||&#8221; global_colors_info=&#8221;{}&#8221;][\/et_pb_divider][et_pb_text admin_label=&#8221;links&#8221; _builder_version=&#8221;4.27.3&#8243; _module_preset=&#8221;default&#8221; text_text_color=&#8221;#FFFFFF&#8221; ab_subject=&#8221;on&#8221; ab_subject_id=&#8221;1&#8243; global_colors_info=&#8221;{}&#8221;]<\/p>\n<p style=\"text-align: center;\"><span style=\"color: #ffffff;\">Perron 2 is een samenwerking tussen <span style=\"text-decoration: underline;\"><a href=\"https:\/\/www.dekringloopwinkel.be\" target=\"_blank\" rel=\"noopener\" style=\"color: #ffffff; text-decoration: underline;\">De Kringloopwinkel<\/a><\/span> en <span style=\"text-decoration: underline;\"><a href=\"https:\/\/www.mobiel.be\" target=\"_blank\" rel=\"noopener\" style=\"color: #ffffff; text-decoration: underline;\">Fietsencentrum Mobiel<\/a><\/span>.<\/span><br \/><span style=\"color: #ffffff;\">Blijf op de hoogte via de nieuwsbrief van <span style=\"text-decoration: underline;\"><a href=\"https:\/\/dekringloopwinkel.us17.list-manage.com\/subscribe?u=95dbfc2e6cdb82d967a7ef2a8&amp;id=99560f9abf\" target=\"_blank\" rel=\"noopener\" style=\"color: #ffffff; text-decoration: underline;\">De Kringloopwinkel<\/a><\/span> en\/of <span style=\"text-decoration: underline;\"><a href=\"https:\/\/mobiel.us17.list-manage.com\/subscribe?u=95dbfc2e6cdb82d967a7ef2a8&amp;id=20647eb571\" target=\"_blank\" rel=\"noopener\" style=\"color: #ffffff; text-decoration: underline;\">Fietsencentrum Mobiel.<\/a><\/span><\/span><\/p>\n<p>[\/et_pb_text][et_pb_image src=&#8221;https:\/\/perron2.be\/wp-content\/uploads\/2024\/11\/onderboord-1.svg&#8221; title_text=&#8221;onderboord&#8221; _builder_version=&#8221;4.27.3&#8243; _module_preset=&#8221;default&#8221; custom_margin=&#8221;||0px||false|false&#8221; custom_padding=&#8221;||0px||false|false&#8221; global_colors_info=&#8221;{}&#8221;][\/et_pb_image][\/et_pb_column][\/et_pb_row][et_pb_row disabled_on=&#8221;on|on|on&#8221; admin_label=&#8221;row&#8221; _builder_version=&#8221;4.27.3&#8243; background_size=&#8221;initial&#8221; background_position=&#8221;top_left&#8221; background_repeat=&#8221;repeat&#8221; disabled=&#8221;on&#8221; global_colors_info=&#8221;{}&#8221;][et_pb_column type=&#8221;4_4&#8243; _builder_version=&#8221;4.16&#8243; custom_padding=&#8221;|||&#8221; global_colors_info=&#8221;{}&#8221; custom_padding__hover=&#8221;|||&#8221;][et_pb_text admin_label=&#8221;links&#8221; _builder_version=&#8221;4.27.3&#8243; _module_preset=&#8221;default&#8221; text_text_color=&#8221;#FFFFFF&#8221; ab_subject=&#8221;on&#8221; ab_subject_id=&#8221;2&#8243; global_colors_info=&#8221;{}&#8221;]<\/p>\n<p style=\"text-align: center;\"><span style=\"color: #ffffff;\">Perron 2 is een samenwerking tussen <span style=\"text-decoration: underline;\"><a href=\"https:\/\/www.dekringloopwinkel.be\" target=\"_blank\" rel=\"noopener\" style=\"color: #ffffff; text-decoration: underline;\">De Kringloopwinkel<\/a><\/span> en <span style=\"text-decoration: underline;\"><a href=\"https:\/\/www.mobiel.be\" target=\"_blank\" rel=\"noopener\" style=\"color: #ffffff; text-decoration: underline;\">Fietsencentrum Mobiel<\/a><\/span>.<\/span><br \/><span style=\"color: #ffffff;\">Blijf op de hoogte via de nieuwsbrief van <span style=\"text-decoration: underline;\"><a href=\"https:\/\/dekringloopwinkel.us17.list-manage.com\/subscribe?u=95dbfc2e6cdb82d967a7ef2a8&amp;id=99560f9abf\" target=\"_blank\" rel=\"noopener\" style=\"color: #ffffff; text-decoration: underline;\">De Kringloopwinkel<\/a><\/span> en\/of <span style=\"text-decoration: underline;\"><a href=\"https:\/\/mobiel.us17.list-manage.com\/subscribe?u=95dbfc2e6cdb82d967a7ef2a8&amp;id=20647eb571\" target=\"_blank\" rel=\"noopener\" style=\"color: #ffffff; text-decoration: underline;\">Fietsencentrum Mobiel.<\/a><\/span><\/span><\/p>\n<p>[\/et_pb_text][et_pb_text _builder_version=&#8221;4.27.3&#8243; _module_preset=&#8221;default&#8221; text_text_color=&#8221;#FFFFFF&#8221; text_font_size=&#8221;17px&#8221; text_line_height=&#8221;1.75em&#8221; width=&#8221;83%&#8221; max_width=&#8221;83%&#8221; module_alignment=&#8221;center&#8221; ab_goal=&#8221;on&#8221; global_colors_info=&#8221;{}&#8221;]<\/p>\n<p style=\"font-weight: 400;\"><span><strong>Mobiel<\/strong><\/span><\/p>\n<p style=\"font-weight: 400;\">Fietsers, studenten en pendelaars die in Mobiel een veilige, zorgeloze haven gevonden hadden, mogen op beide oren slapen. Uw fietswinkel verdwijnt niet, integendeel. Meer dan ooit mikt Mobiel op herstelling, online fietsenverhuur en de verkoop van tweedehands fietsen en nieuwe accessoires.<\/p>\n<p>[\/et_pb_text][\/et_pb_column][\/et_pb_row][\/et_pb_section]<\/p>\n","protected":false},"excerpt":{"rendered":"<p>Fietsencentrum Mobiel en Kringloopwinkel openden Perron 2,een circulaire fietsenwinkel \u00e9n vintagewinkel in \u00e9\u00e9n. Volg alle updates op Instagram en Tiktok.Vintage Onze vintagewinkel richt zich vooral op studenten en jongvolwassenen, maar uiteraard verwelkomen we iedereen die op zoek is naar unieke vondsten met open armen! Streetwear, T-shirts met logo, baggy broeken en oversized truien uit de [&hellip;]<\/p>\n","protected":false},"author":1,"featured_media":0,"parent":0,"menu_order":0,"comment_status":"closed","ping_status":"closed","template":"page-template-blank.php","meta":{"_et_pb_use_builder":"on","_et_pb_old_content":"<!-- wp:paragraph -->\n<p>This is an example page. It's different from a blog post because it will stay in one place and will show up in your site navigation (in most themes). Most people start with an About page that introduces them to potential site visitors. It might say something like this:<\/p>\n<!-- \/wp:paragraph -->\n\n<!-- wp:quote -->\n<blockquote class=\"wp-block-quote\"><p>Hi there! I'm a bike messenger by day, aspiring actor by night, and this is my website. I live in Los Angeles, have a great dog named Jack, and I like pi&#241;a coladas. (And gettin' caught in the rain.)<\/p><\/blockquote>\n<!-- \/wp:quote -->\n\n<!-- wp:paragraph -->\n<p>...or something like this:<\/p>\n<!-- \/wp:paragraph -->\n\n<!-- wp:quote -->\n<blockquote class=\"wp-block-quote\"><p>The XYZ Doohickey Company was founded in 1971, and has been providing quality doohickeys to the public ever since. Located in Gotham City, XYZ employs over 2,000 people and does all kinds of awesome things for the Gotham community.<\/p><\/blockquote>\n<!-- \/wp:quote -->\n\n<!-- wp:paragraph -->\n<p>As a new WordPress user, you should go to <a href=\"https:\/\/perron2.be\/wp-admin\/\">your dashboard<\/a> to delete this page and create new pages for your content. Have fun!<\/p>\n<!-- \/wp:paragraph -->","_et_gb_content_width":"","inline_featured_image":false,"footnotes":""},"class_list":["post-2","page","type-page","status-publish","hentry"],"_links":{"self":[{"href":"https:\/\/perron2.be\/index.php\/wp-json\/wp\/v2\/pages\/2","targetHints":{"allow":["GET"]}}],"collection":[{"href":"https:\/\/perron2.be\/index.php\/wp-json\/wp\/v2\/pages"}],"about":[{"href":"https:\/\/perron2.be\/index.php\/wp-json\/wp\/v2\/types\/page"}],"author":[{"embeddable":true,"href":"https:\/\/perron2.be\/index.php\/wp-json\/wp\/v2\/users\/1"}],"replies":[{"embeddable":true,"href":"https:\/\/perron2.be\/index.php\/wp-json\/wp\/v2\/comments?post=2"}],"version-history":[{"count":38,"href":"https:\/\/perron2.be\/index.php\/wp-json\/wp\/v2\/pages\/2\/revisions"}],"predecessor-version":[{"id":123,"href":"https:\/\/perron2.be\/index.php\/wp-json\/wp\/v2\/pages\/2\/revisions\/123"}],"wp:attachment":[{"href":"https:\/\/perron2.be\/index.php\/wp-json\/wp\/v2\/media?parent=2"}],"curies":[{"name":"wp","href":"https:\/\/api.w.org\/{rel}","templated":true}]}}